{"id":94,"date":"2023-01-27T20:39:36","date_gmt":"2023-01-27T19:39:36","guid":{"rendered":"https:\/\/test.ltv-noe.at\/?page_id=94"},"modified":"2023-03-21T21:28:31","modified_gmt":"2023-03-21T20:28:31","slug":"praeventions-konzept","status":"publish","type":"page","link":"https:\/\/ltv-noe.at\/?page_id=94","title":{"rendered":"Pr\u00e4ventions-Konzept"},"content":{"rendered":"\n<h4 class=\"wp-block-heading\">F\u00fcr Respekt und Sicherheit, gegen sexualisierte \u00dcbergriffe im Sport<\/h4>\n\n\n\n<p>Der Landestauchverband Nieder\u00f6sterreich lebt den Grundsatz der Chancengleichheit, der per Definition in modernen Gesellschaften das Recht auf einen gleichen Zugang zu Lebenschancen beinhaltet. Dazu geh\u00f6rt insbesondere das Verbot von Diskriminierung beispielsweise aufgrund des Geschlechtes, des Alters, der Religion, der kulturellen Zugeh\u00f6rigkeit, einer Behinderung oder der sozialen Herkunft, das in den Menschenrechten festgeschrieben ist. Wir stehen f\u00fcr ein klares Bekenntnis \u201eF\u00fcr Respekt und Sicherheit, gegen sexualisierte \u00dcbergriffe im Sport\u201c.<\/p>\n\n\n\n<p>Der Landestauchverband Nieder\u00f6sterreich verurteilt jegliche Form von Gewalt, unabh\u00e4ngig davon, ob sie k\u00f6rperlicher, seelischer oder sexualisierter Art ist.<br>Der Landestauchverband Nieder\u00f6sterreich und seine Mitglieder verpflichten sich deshalb, den Ehrenkodex einzuhalten.<br>Wir sind st\u00e4ndig bestrebt eine Evaluierung zum Thema Chancengleichheit durchf\u00fchren, die auf Mitgliederbefragung basiert. Den Mitgliedsvereinen stellen wir diesbez\u00fcglich Informationsmaterial zur Verf\u00fcgung.<\/p>\n\n\n\n<div class=\"wp-block-file\"><a id=\"wp-block-file--media-76fce0fd-831e-4030-9725-89c58ccaf602\" href=\"http:\/\/test.ltv-noe.at\/wp-content\/uploads\/2023\/03\/Chancengleichheit-im-LTV-NOe.pdf\">Chancengleichheit im LTV-N\u00d6<\/a><a href=\"http:\/\/test.ltv-noe.at\/wp-content\/uploads\/2023\/03\/Chancengleichheit-im-LTV-NOe.pdf\" class=\"wp-block-file__button wp-element-button\" download aria-describedby=\"wp-block-file--media-76fce0fd-831e-4030-9725-89c58ccaf602\">Herunterladen<\/a><\/div>\n\n\n\n<p>Mehr Informationen auf der Seite des <a href=\"https:\/\/www.tsvoe.at\/de\/unser-verband\/praeventions-konzept\">TSV\u00d6<\/a>.<\/p>\n","protected":false},"excerpt":{"rendered":"<p>F\u00fcr Respekt und Sicherheit, gegen sexualisierte \u00dcbergriffe im Sport Der Landestauchverband Nieder\u00f6sterreich lebt den Grundsatz der Chancengleichheit, der per Definition in modernen Gesellschaften das Recht auf einen gleichen Zugang zu Lebenschancen beinhaltet. Dazu geh\u00f6rt insbesondere das Verbot von Diskriminierung beispielsweise aufgrund des Geschlechtes, des Alters, der Religion, der kulturellen Zugeh\u00f6rigkeit, einer Behinderung oder der sozialen [&hellip;]<\/p>\n","protected":false},"author":1,"featured_media":0,"parent":0,"menu_order":0,"comment_status":"closed","ping_status":"closed","template":"","meta":{"footnotes":""},"class_list":["post-94","page","type-page","status-publish","hentry"],"_links":{"self":[{"href":"https:\/\/ltv-noe.at\/index.php?rest_route=\/wp\/v2\/pages\/94","targetHints":{"allow":["GET"]}}],"collection":[{"href":"https:\/\/ltv-noe.at\/index.php?rest_route=\/wp\/v2\/pages"}],"about":[{"href":"https:\/\/ltv-noe.at\/index.php?rest_route=\/wp\/v2\/types\/page"}],"author":[{"embeddable":true,"href":"https:\/\/ltv-noe.at\/index.php?rest_route=\/wp\/v2\/users\/1"}],"replies":[{"embeddable":true,"href":"https:\/\/ltv-noe.at\/index.php?rest_route=%2Fwp%2Fv2%2Fcomments&post=94"}],"version-history":[{"count":5,"href":"https:\/\/ltv-noe.at\/index.php?rest_route=\/wp\/v2\/pages\/94\/revisions"}],"predecessor-version":[{"id":123,"href":"https:\/\/ltv-noe.at\/index.php?rest_route=\/wp\/v2\/pages\/94\/revisions\/123"}],"wp:attachment":[{"href":"https:\/\/ltv-noe.at\/index.php?rest_route=%2Fwp%2Fv2%2Fmedia&parent=94"}],"curies":[{"name":"wp","href":"https:\/\/api.w.org\/{rel}","templated":true}]}}