{"id":90,"date":"2023-01-27T20:38:44","date_gmt":"2023-01-27T19:38:44","guid":{"rendered":"https:\/\/test.ltv-noe.at\/?page_id=90"},"modified":"2023-03-21T22:05:29","modified_gmt":"2023-03-21T21:05:29","slug":"nachhaltigkeit","status":"publish","type":"page","link":"https:\/\/ltv-noe.at\/?page_id=90","title":{"rendered":"Nachhaltigkeit"},"content":{"rendered":"\n<p>Um Gefahren- und Giftstoffe f\u00fcr die Umwelt zu reduzieren, ersucht der<br>LTVN\u00d6 alle Mitgliedsvereine und deren Mitglieder, umweltfreundliche Produkte (auch im Herstellungsverfahren) zu verwenden und unn\u00f6tigen M\u00fcll zu<br>vermeiden. Durch die Benutzung von \u00f6ffentlichen Verkehrsmitteln und<br>Bildung von Fahrgemeinschaften k\u00f6nnen alle Mitgliedsvereine und deren Mitglieder einen Beitrag zum Umweltschutz leisten.<\/p>\n\n\n\n<h4 class=\"wp-block-heading\">Ehrenkodex<\/h4>\n\n\n\n<div class=\"wp-block-file\"><a id=\"wp-block-file--media-b7d44644-9a2a-4ea9-9d73-1705762f9733\" href=\"http:\/\/test.ltv-noe.at\/wp-content\/uploads\/2023\/03\/EHRENKODEX_Stand-2021.pdf\">EHRENKODEX_Stand-2021<\/a><a href=\"http:\/\/test.ltv-noe.at\/wp-content\/uploads\/2023\/03\/EHRENKODEX_Stand-2021.pdf\" class=\"wp-block-file__button wp-element-button\" download aria-describedby=\"wp-block-file--media-b7d44644-9a2a-4ea9-9d73-1705762f9733\">Herunterladen<\/a><\/div>\n\n\n\n<h4 class=\"wp-block-heading\">Verhaltenskodex<\/h4>\n\n\n\n<div class=\"wp-block-file\"><a id=\"wp-block-file--media-7c333e1c-001c-4732-ba6e-3ba2992f3aa4\" href=\"http:\/\/test.ltv-noe.at\/wp-content\/uploads\/2023\/03\/VERHALTENSKODEX_Stand-2022.pdf\">VERHALTENSKODEX_Stand-2022<\/a><a href=\"http:\/\/test.ltv-noe.at\/wp-content\/uploads\/2023\/03\/VERHALTENSKODEX_Stand-2022.pdf\" class=\"wp-block-file__button wp-element-button\" download aria-describedby=\"wp-block-file--media-7c333e1c-001c-4732-ba6e-3ba2992f3aa4\">Herunterladen<\/a><\/div>\n","protected":false},"excerpt":{"rendered":"<p>Um Gefahren- und Giftstoffe f\u00fcr die Umwelt zu reduzieren, ersucht derLTVN\u00d6 alle Mitgliedsvereine und deren Mitglieder, umweltfreundliche Produkte (auch im Herstellungsverfahren) zu verwenden und unn\u00f6tigen M\u00fcll zuvermeiden. Durch die Benutzung von \u00f6ffentlichen Verkehrsmitteln undBildung von Fahrgemeinschaften k\u00f6nnen alle Mitgliedsvereine und deren Mitglieder einen Beitrag zum Umweltschutz leisten. Ehrenkodex Verhaltenskodex<\/p>\n","protected":false},"author":1,"featured_media":0,"parent":0,"menu_order":0,"comment_status":"closed","ping_status":"closed","template":"","meta":{"footnotes":""},"class_list":["post-90","page","type-page","status-publish","hentry"],"_links":{"self":[{"href":"https:\/\/ltv-noe.at\/index.php?rest_route=\/wp\/v2\/pages\/90","targetHints":{"allow":["GET"]}}],"collection":[{"href":"https:\/\/ltv-noe.at\/index.php?rest_route=\/wp\/v2\/pages"}],"about":[{"href":"https:\/\/ltv-noe.at\/index.php?rest_route=\/wp\/v2\/types\/page"}],"author":[{"embeddable":true,"href":"https:\/\/ltv-noe.at\/index.php?rest_route=\/wp\/v2\/users\/1"}],"replies":[{"embeddable":true,"href":"https:\/\/ltv-noe.at\/index.php?rest_route=%2Fwp%2Fv2%2Fcomments&post=90"}],"version-history":[{"count":3,"href":"https:\/\/ltv-noe.at\/index.php?rest_route=\/wp\/v2\/pages\/90\/revisions"}],"predecessor-version":[{"id":136,"href":"https:\/\/ltv-noe.at\/index.php?rest_route=\/wp\/v2\/pages\/90\/revisions\/136"}],"wp:attachment":[{"href":"https:\/\/ltv-noe.at\/index.php?rest_route=%2Fwp%2Fv2%2Fmedia&parent=90"}],"curies":[{"name":"wp","href":"https:\/\/api.w.org\/{rel}","templated":true}]}}