{"id":45,"date":"2023-01-04T22:35:23","date_gmt":"2023-01-04T21:35:23","guid":{"rendered":"https:\/\/test.ltv-noe.at\/?page_id=45"},"modified":"2024-05-31T18:16:48","modified_gmt":"2024-05-31T16:16:48","slug":"mitgliedsvereine","status":"publish","type":"page","link":"https:\/\/ltv-noe.at\/?page_id=45","title":{"rendered":"Mitgliedsvereine"},"content":{"rendered":"\n<h4 class=\"wp-block-heading\">Austrian Rescue Team<\/h4>\n\n\n\n<p>Sportarten: Apnoetauchen, Orientierungstauchen, Sport Diving<br>Kontakt: <a href=\"http:\/\/www.austrian-rescueteam.at\">www.austrian-rescueteam.at<\/a><br>Ort: Traiskirchen<br>Beschreibung: n\/a<\/p>\n\n\n\n<hr class=\"wp-block-separator has-alpha-channel-opacity\"\/>\n\n\n\n<h4 class=\"wp-block-heading\">HSV-Wiener Neustadt Sektion Tauchen<\/h4>\n\n\n\n<p>Sportarten: Ger\u00e4tetauchen<br>Kontakt: <a href=\"http:\/\/www.hsv-tauchen.at\">http:\/\/www.hsv-tauchen.at<\/a>, <a href=\"mailto:manfred.klavacs@kabelplud.at\"><em>manfred.klavacs@kabelplus.at<\/em><\/a>, <a href=\"mailto:admin@hsv-tauchen.at\"><em>admin@hsv-tauchen.at<\/em><\/a><br>Ort: 7201 Neud\u00f6rfl\/L<br>Beschreibung:<\/p>\n\n\n\n<p>Unser Tauchverein wurde im Jahre 1987 gegr\u00fcndet und z\u00e4hlt derzeit<br>an die 50 Mitglieder, die sich in unserem famili\u00e4r gef\u00fchrten Verein<br>sehr wohl f\u00fchlen. Tauchen, vom Kindertauchschein bis hin zum Brevet ***,<br>kannst du bei uns m\u00fchelos erlernen. Des weiteren treffen wir uns monatlich<br>zu unseren Clubabenden in unserem Vereinslokal. Auf unserem Hausriff am<br>Neufeldersee triffst du fast jeden Sonntag einige von uns, um dort zu tauchen.<br>Fern- und Nahreisen werden f\u00fcr unsere Mitglieder zum Selbstkostenpreis<br>angeboten und auch gerne angenommen. Neugierig geworden? Besuche uns auf unserer Homepage!<\/p>\n\n\n\n<hr class=\"wp-block-separator has-alpha-channel-opacity\"\/>\n\n\n\n<h4 class=\"wp-block-heading\">Shark Academy Club &#8211; Verein zur F\u00f6rderung des Freitauchsports<\/h4>\n\n\n\n<p>Sportarten: Freitauchen<br>Kontakt: <a href=\"http:\/\/www.shark-academy.com\">www.shark-academy.com<\/a>, <a href=\"mailto:office@shark-academy.com\">office@shark-academy.com<\/a><br>Ort: Moosbrunn<br>Beschreibung: Wie der Name schon sagt, f\u00f6rdern wir den Freitauchsport. Wir trainieren gemeinsam und nehmen an Meisterschaften teil.<\/p>\n\n\n\n<hr class=\"wp-block-separator has-alpha-channel-opacity\"\/>\n\n\n\n<h4 class=\"wp-block-heading\">Sporttauchclub Amstetten<\/h4>\n\n\n\n<p>Sportarten: Ger\u00e4tetauchen<br>Kontakt: <a href=\"mailto:stcamstetten@gmail.com\">stcamstetten@gmail.com<\/a>, <em><a href=\"http:\/\/www.stca.at\">www.stca.at<\/a><\/em><br>Ort: Meisenstra\u00dfe 4\/0, 3362 Mauer-\u00d6hling<br>Beschreibung:<\/p>\n\n\n\n<p>Der Sporttauchclub Amstetten wurde 1977 gegr\u00fcndet und bildet nach dem CMAS-Ausbildungssystem Schnorchel- und Ger\u00e4tetauchen aus. Im Vordergrund steht der Spa\u00df an der Bewegung im Wasser und dem Erlebnis dieses wunderbaren Elements mit seinen vielf\u00e4ltigen Lebensformen und Bewohnern. In unserem Clubhaus bieten wir ein gem\u00fctliches Ambiente und modernste Technik. Ein einladend eingerichteter Clubraum mit kleiner Bar steht f\u00fcr gesellige Abende und Theorieausbildung zur Verf\u00fcgung.<\/p>\n\n\n\n<hr class=\"wp-block-separator has-alpha-channel-opacity\"\/>\n\n\n\n<h4 class=\"wp-block-heading\">SV OMV G\u00e4nserndorf<\/h4>\n\n\n\n<p>Sportarten: Schwimmen, Flossenschwimmen, Freitauchen, Qi Gong, Aquafitness<br>Kontakt: Patrick Engl, <a href=\"https:\/\/svg.schwimmvereine.at\">https:\/\/svg.schwimmvereine.at<\/a> +43 664 46 00 515<br>Ort: Hallenbad G\u00e4nserndorf, Hallenbad Matzen, Freibad Sch\u00f6nkirchen-Reyersdorf, Turnhalle Weikendorf (Qi Gong)<br>Beschreibung:<\/p>\n\n\n\n<p>Wir sind ein Schwimmverein und bieten zus\u00e4tzlich zu etlichen Schwimmkursen ein regelm\u00e4\u00dfiges Training f\u00fcr Kinder, Jugendliche und Erwachsene. Im Unterschied zu vielen anderen Vereinen bauen wir auf eine fundierte Ausbildung an der BSPA f\u00fcr alle unsere Trainer und Trainerinnen. Unser Schwerpunkt neben der allgemeinen Schwimmausbildung liegt auf der richtigen Schwimmtechnik und wir haben daher auch relativ viele erwachsene Sportler, vor allem aus dem Bereich Triathlon, die bei uns trainieren und ihre Technik und Ausdauer verbessern.<\/p>\n\n\n\n<hr class=\"wp-block-separator has-alpha-channel-opacity\"\/>\n\n\n\n<h4 class=\"wp-block-heading\">Tauchclub Aelium Cetium<\/h4>\n\n\n\n<p>Sportarten: Sporttauchen<br>Kontakt: <a href=\"mailto:obmann@aeliumcetium.at\">obmann@aeliumcetium.at<\/a><br><a href=\"http:\/\/www.aeliumcetium.at\" target=\"_blank\" rel=\"noreferrer noopener\">www.aeliumcetium.at<\/a><br>Ort: St. P\u00f6lten<br>Beschreibung:<\/p>\n\n\n\n<p>nser Club wurde 1993 gegr\u00fcndet, wir sind Mitglied im TSV\u00d6 und Landestauchverband N\u00d6.<br>Auf Bedarf bilden wir nach CMAS Richtlinien aus. Wir veranstalten verschiedene Tauchausfl\u00fcge, einige Mitglieder&nbsp; sind jedes Jahr bei diversen Sportveranstaltungen vom Landesverband erfolgreich. Bei uns steht der Spa\u00df im Wasser im Vordergrund.<\/p>\n\n\n\n<hr class=\"wp-block-separator has-alpha-channel-opacity\"\/>\n\n\n\n<h4 class=\"wp-block-heading\">Tauchklub Nautilus Erlauftal<\/h4>\n\n\n\n<p>Sportarten: Sporttauchen, Apnoetauchen<br>Kontakt: <a href=\"mailto:office@tauchklub-nautilus.at\">office@tauchklub-nautilus.at<\/a><br><a href=\"http:\/\/www.tauchklub-nautilus.at\">www.tauchklub-nautilus.at<\/a><br>Reinhard Wenighofer 0681 813 920 17<br>Ort: Kr\u00fcglingerweg 13, 3250 Weinzierl<br>Beschreibung: <\/p>\n\n\n\n<p>Der Tauchklub Nautilus Erlauftal wurde 1980 gegr\u00fcndet und hat sein Klublokal mit Kompressorstation im Freibad in Wieselburg. Der Klub ist Mitglied beim TSV\u00d6 und LTVN\u00d6 und bietet Tauchkurse f\u00fcr Sporttauchen und Apnoetauchen nach den CMAS Richtlinien an.<\/p>\n\n\n\n<p><strong>Was bietet der Tauchklub seinen Mitgliedern?<\/strong><\/p>\n\n\n\n<ul class=\"wp-block-list\">\n<li>gratis F\u00fcllm\u00f6glichkeit in unserer T\u00dcV gepr\u00fcften F\u00fcllstation<\/li>\n\n\n\n<li>Verleih von Tauchausr\u00fcstungen<\/li>\n\n\n\n<li>Tauchsportversicherung inkludiert im Mitgliedsbeitrag<\/li>\n\n\n\n<li>Tauchgenehmigung in den freigegebenen Seen der Bundesforste<\/li>\n\n\n\n<li>regelm\u00e4\u00dfige Klubabende, Fachvortr\u00e4ge<\/li>\n\n\n\n<li>Badtraining<\/li>\n\n\n\n<li>Organisation von Tauchreisen<\/li>\n\n\n\n<li>professionelle Aus- und Weiterbildung durch staatlich gepr\u00fcfte Tauchlehrer<\/li>\n\n\n\n<li>Zugang zum Lunzer Seebad \u2013 auch au\u00dferhalb der Badesaison<\/li>\n<\/ul>\n\n\n\n<hr class=\"wp-block-separator has-alpha-channel-opacity\"\/>\n\n\n\n<h4 class=\"wp-block-heading\">Tauchclub Seeteufel Wassersportverein<\/h4>\n\n\n\n<p>Sportarten: Freitauchen, Sport-Diving, Flossenschwimmen, Orientierungstauchen<br>Kontakt: <a href=\"http:\/\/www.tc-seeteufel.at\">www.tc-seeteufel.at<\/a><br>Ort: Baden<br>Beschreibung: <\/p>\n\n\n\n<p>Wir f\u00f6rdern alle Formen des Wassersports, insbesondere die Aus\u00fcbung des Tauchsports, sowie die Veranstaltung von Clubabenden, Vortr\u00e4gen, Tauchlagern und Tauchreisen.<\/p>\n\n\n\n<p>Wir nehmen an sportlichen Veranstaltungen, Vortr\u00e4gen, Versammlungen und anderen Veranstaltungen im Rahmen des Vereinszwecks teil und unterst\u00fctzen deren Durchf\u00fchrung.<\/p>\n\n\n\n<p>Wir organisieren Tauchkurse, Tauchreisen, Seminare, Camps, Aus- und Fortbildungslehrg\u00e4nge, Trainingseinheiten und sonstige derartige Aktivit\u00e4ten.<\/p>\n\n\n\n<hr class=\"wp-block-separator has-alpha-channel-opacity\"\/>\n\n\n\n<h4 class=\"wp-block-heading\">Tauchclub Wiener Neudorf<\/h4>\n\n\n\n<p>Sportarten: Tauchsport<br>Kontakt: <a href=\"mailto:tauchclub@kabsi.at\">tauchclub@kabsi.at<\/a>, <a href=\"http:\/\/www.tcwn.at\">www.tcwn.at<\/a><br>Ort: Wiener Neudorf<br>Beschreibung:<\/p>\n\n\n\n<p>Der Tauchclub Wiener Neudorf bezweckt die Aus\u00fcbung und F\u00f6rderung des Tauchsportes, die F\u00f6rderung der k\u00f6rperlichen Fitness und Gesundheit sowie den Schutz und die Reinhaltung von Gew\u00e4ssern, insbesondere des Kahrteiches.<\/p>\n","protected":false},"excerpt":{"rendered":"<p>Austrian Rescue Team Sportarten: Apnoetauchen, Orientierungstauchen, Sport DivingKontakt: www.austrian-rescueteam.atOrt: TraiskirchenBeschreibung: n\/a HSV-Wiener Neustadt Sektion Tauchen Sportarten: Ger\u00e4tetauchenKontakt: http:\/\/www.hsv-tauchen.at, manfred.klavacs@kabelplus.at, admin@hsv-tauchen.atOrt: 7201 Neud\u00f6rfl\/LBeschreibung: Unser Tauchverein wurde im Jahre 1987 gegr\u00fcndet und z\u00e4hlt derzeitan die 50 Mitglieder, die sich in unserem famili\u00e4r gef\u00fchrten Vereinsehr wohl f\u00fchlen. Tauchen, vom Kindertauchschein bis hin zum Brevet ***,kannst du bei uns [&hellip;]<\/p>\n","protected":false},"author":1,"featured_media":0,"parent":0,"menu_order":0,"comment_status":"closed","ping_status":"closed","template":"","meta":{"footnotes":""},"class_list":["post-45","page","type-page","status-publish","hentry"],"_links":{"self":[{"href":"https:\/\/ltv-noe.at\/index.php?rest_route=\/wp\/v2\/pages\/45","targetHints":{"allow":["GET"]}}],"collection":[{"href":"https:\/\/ltv-noe.at\/index.php?rest_route=\/wp\/v2\/pages"}],"about":[{"href":"https:\/\/ltv-noe.at\/index.php?rest_route=\/wp\/v2\/types\/page"}],"author":[{"embeddable":true,"href":"https:\/\/ltv-noe.at\/index.php?rest_route=\/wp\/v2\/users\/1"}],"replies":[{"embeddable":true,"href":"https:\/\/ltv-noe.at\/index.php?rest_route=%2Fwp%2Fv2%2Fcomments&post=45"}],"version-history":[{"count":8,"href":"https:\/\/ltv-noe.at\/index.php?rest_route=\/wp\/v2\/pages\/45\/revisions"}],"predecessor-version":[{"id":774,"href":"https:\/\/ltv-noe.at\/index.php?rest_route=\/wp\/v2\/pages\/45\/revisions\/774"}],"wp:attachment":[{"href":"https:\/\/ltv-noe.at\/index.php?rest_route=%2Fwp%2Fv2%2Fmedia&parent=45"}],"curies":[{"name":"wp","href":"https:\/\/api.w.org\/{rel}","templated":true}]}}