{"id":43,"date":"2023-01-04T22:35:05","date_gmt":"2023-01-04T21:35:05","guid":{"rendered":"https:\/\/test.ltv-noe.at\/?page_id=43"},"modified":"2024-05-01T12:15:44","modified_gmt":"2024-05-01T10:15:44","slug":"praesidium","status":"publish","type":"page","link":"https:\/\/ltv-noe.at\/?page_id=43","title":{"rendered":"Pr\u00e4sidium"},"content":{"rendered":"\n<div class=\"wp-block-columns is-layout-flex wp-container-core-columns-is-layout-28f84493 wp-block-columns-is-layout-flex\">\n<div class=\"wp-block-column is-layout-flow wp-block-column-is-layout-flow\" style=\"flex-basis:250px\">\n<figure class=\"wp-block-image size-large\"><img loading=\"lazy\" decoding=\"async\" width=\"1024\" height=\"292\" src=\"http:\/\/test.ltv-noe.at\/wp-content\/uploads\/2023\/01\/cropped-LOGO_LTV_NOE-1024x292.png\" alt=\"\" class=\"wp-image-63\" srcset=\"https:\/\/ltv-noe.at\/wp-content\/uploads\/2023\/01\/cropped-LOGO_LTV_NOE-1024x292.png 1024w, https:\/\/ltv-noe.at\/wp-content\/uploads\/2023\/01\/cropped-LOGO_LTV_NOE-300x86.png 300w, https:\/\/ltv-noe.at\/wp-content\/uploads\/2023\/01\/cropped-LOGO_LTV_NOE-768x219.png 768w, https:\/\/ltv-noe.at\/wp-content\/uploads\/2023\/01\/cropped-LOGO_LTV_NOE-1536x438.png 1536w, https:\/\/ltv-noe.at\/wp-content\/uploads\/2023\/01\/cropped-LOGO_LTV_NOE-2048x584.png 2048w\" sizes=\"auto, (max-width: 1024px) 100vw, 1024px\" \/><\/figure>\n<\/div>\n\n\n\n<div class=\"wp-block-column is-layout-flow wp-block-column-is-layout-flow\">\n<h4 class=\"wp-block-heading\">Pr\u00e4sident<\/h4>\n\n\n\n<p>Christian H\u00f6fer<br><a href=\"mailto:praesident@ltv-noe.at\">praesident@ltv-noe.at<\/a><\/p>\n<\/div>\n<\/div>\n\n\n\n<hr class=\"wp-block-separator has-alpha-channel-opacity\"\/>\n\n\n\n<div class=\"wp-block-columns is-layout-flex wp-container-core-columns-is-layout-28f84493 wp-block-columns-is-layout-flex\">\n<div class=\"wp-block-column is-layout-flow wp-block-column-is-layout-flow\" style=\"flex-basis:250px\">\n<figure class=\"wp-block-image size-large\"><img loading=\"lazy\" decoding=\"async\" width=\"1024\" height=\"292\" src=\"http:\/\/test.ltv-noe.at\/wp-content\/uploads\/2023\/01\/cropped-LOGO_LTV_NOE-1024x292.png\" alt=\"\" class=\"wp-image-63\" srcset=\"https:\/\/ltv-noe.at\/wp-content\/uploads\/2023\/01\/cropped-LOGO_LTV_NOE-1024x292.png 1024w, https:\/\/ltv-noe.at\/wp-content\/uploads\/2023\/01\/cropped-LOGO_LTV_NOE-300x86.png 300w, https:\/\/ltv-noe.at\/wp-content\/uploads\/2023\/01\/cropped-LOGO_LTV_NOE-768x219.png 768w, https:\/\/ltv-noe.at\/wp-content\/uploads\/2023\/01\/cropped-LOGO_LTV_NOE-1536x438.png 1536w, https:\/\/ltv-noe.at\/wp-content\/uploads\/2023\/01\/cropped-LOGO_LTV_NOE-2048x584.png 2048w\" sizes=\"auto, (max-width: 1024px) 100vw, 1024px\" \/><\/figure>\n<\/div>\n\n\n\n<div class=\"wp-block-column is-layout-flow wp-block-column-is-layout-flow\">\n<h4 class=\"wp-block-heading\">Vizepr\u00e4sident<\/h4>\n\n\n\n<p>Hubert St\u00fcrzenbecher<\/p>\n<\/div>\n<\/div>\n\n\n\n<hr class=\"wp-block-separator has-alpha-channel-opacity\"\/>\n\n\n\n<div class=\"wp-block-columns is-layout-flex wp-container-core-columns-is-layout-28f84493 wp-block-columns-is-layout-flex\">\n<div class=\"wp-block-column is-layout-flow wp-block-column-is-layout-flow\" style=\"flex-basis:250px\">\n<figure class=\"wp-block-image size-large\"><img loading=\"lazy\" decoding=\"async\" width=\"1024\" height=\"292\" src=\"http:\/\/test.ltv-noe.at\/wp-content\/uploads\/2023\/01\/cropped-LOGO_LTV_NOE-1024x292.png\" alt=\"\" class=\"wp-image-63\" style=\"object-fit:cover\" srcset=\"https:\/\/ltv-noe.at\/wp-content\/uploads\/2023\/01\/cropped-LOGO_LTV_NOE-1024x292.png 1024w, https:\/\/ltv-noe.at\/wp-content\/uploads\/2023\/01\/cropped-LOGO_LTV_NOE-300x86.png 300w, https:\/\/ltv-noe.at\/wp-content\/uploads\/2023\/01\/cropped-LOGO_LTV_NOE-768x219.png 768w, https:\/\/ltv-noe.at\/wp-content\/uploads\/2023\/01\/cropped-LOGO_LTV_NOE-1536x438.png 1536w, https:\/\/ltv-noe.at\/wp-content\/uploads\/2023\/01\/cropped-LOGO_LTV_NOE-2048x584.png 2048w\" sizes=\"auto, (max-width: 1024px) 100vw, 1024px\" \/><\/figure>\n<\/div>\n\n\n\n<div class=\"wp-block-column is-layout-flow wp-block-column-is-layout-flow\">\n<h4 class=\"wp-block-heading\">Sportlicher Leiter<\/h4>\n\n\n\n<p>Dominik Kreidenitsch<br><a href=\"mailto:sport@ltv-noe.at\">sport@ltv-noe.at<\/a><\/p>\n<\/div>\n<\/div>\n\n\n\n<hr class=\"wp-block-separator has-alpha-channel-opacity\"\/>\n\n\n\n<div class=\"wp-block-columns is-layout-flex wp-container-core-columns-is-layout-28f84493 wp-block-columns-is-layout-flex\">\n<div class=\"wp-block-column is-layout-flow wp-block-column-is-layout-flow\" style=\"flex-basis:100%\">\n<div class=\"wp-block-columns is-layout-flex wp-container-core-columns-is-layout-28f84493 wp-block-columns-is-layout-flex\">\n<div class=\"wp-block-column is-layout-flow wp-block-column-is-layout-flow\" style=\"flex-basis:100%\">\n<div class=\"wp-block-columns is-layout-flex wp-container-core-columns-is-layout-28f84493 wp-block-columns-is-layout-flex\">\n<div class=\"wp-block-column is-layout-flow wp-block-column-is-layout-flow\" style=\"flex-basis:250px\">\n<figure class=\"wp-block-image size-large\"><img loading=\"lazy\" decoding=\"async\" width=\"1024\" height=\"1024\" src=\"https:\/\/ltv-noe.at\/wp-content\/uploads\/2024\/05\/arno-1024x1024.jpeg\" alt=\"\" class=\"wp-image-329\" style=\"object-fit:cover\" srcset=\"https:\/\/ltv-noe.at\/wp-content\/uploads\/2024\/05\/arno-1024x1024.jpeg 1024w, https:\/\/ltv-noe.at\/wp-content\/uploads\/2024\/05\/arno-300x300.jpeg 300w, https:\/\/ltv-noe.at\/wp-content\/uploads\/2024\/05\/arno-150x150.jpeg 150w, https:\/\/ltv-noe.at\/wp-content\/uploads\/2024\/05\/arno-768x768.jpeg 768w, https:\/\/ltv-noe.at\/wp-content\/uploads\/2024\/05\/arno.jpeg 1200w\" sizes=\"auto, (max-width: 1024px) 100vw, 1024px\" \/><\/figure>\n<\/div>\n\n\n\n<div class=\"wp-block-column is-layout-flow wp-block-column-is-layout-flow\">\n<div class=\"wp-block-columns is-layout-flex wp-container-core-columns-is-layout-28f84493 wp-block-columns-is-layout-flex\">\n<div class=\"wp-block-column is-layout-flow wp-block-column-is-layout-flow\">\n<h4 class=\"wp-block-heading\">Stv. sportlicher Leiter<\/h4>\n\n\n\n<p>Arno Mayrhofer<br><a href=\"mailto:arno.mayrhofer@ltv-noe.at\">arno.mayrhofer@ltv-noe.at<\/a><\/p>\n<\/div>\n<\/div>\n<\/div>\n<\/div>\n\n\n\n<hr class=\"wp-block-separator has-alpha-channel-opacity\"\/>\n<\/div>\n<\/div>\n<\/div>\n<\/div>\n\n\n\n<div class=\"wp-block-columns is-layout-flex wp-container-core-columns-is-layout-28f84493 wp-block-columns-is-layout-flex\">\n<div class=\"wp-block-column is-layout-flow wp-block-column-is-layout-flow\" style=\"flex-basis:250px\">\n<figure class=\"wp-block-image size-large\"><img loading=\"lazy\" decoding=\"async\" width=\"1024\" height=\"1024\" src=\"https:\/\/ltv-noe.at\/wp-content\/uploads\/2024\/05\/quadrat-apnoe-KM-1024x1024.jpg\" alt=\"\" class=\"wp-image-763\" srcset=\"https:\/\/ltv-noe.at\/wp-content\/uploads\/2024\/05\/quadrat-apnoe-KM-1024x1024.jpg 1024w, https:\/\/ltv-noe.at\/wp-content\/uploads\/2024\/05\/quadrat-apnoe-KM-300x300.jpg 300w, https:\/\/ltv-noe.at\/wp-content\/uploads\/2024\/05\/quadrat-apnoe-KM-150x150.jpg 150w, https:\/\/ltv-noe.at\/wp-content\/uploads\/2024\/05\/quadrat-apnoe-KM-768x769.jpg 768w, https:\/\/ltv-noe.at\/wp-content\/uploads\/2024\/05\/quadrat-apnoe-KM.jpg 1298w\" sizes=\"auto, (max-width: 1024px) 100vw, 1024px\" \/><\/figure>\n<\/div>\n\n\n\n<div class=\"wp-block-column is-layout-flow wp-block-column-is-layout-flow\">\n<h4 class=\"wp-block-heading\">Sekretariat<\/h4>\n\n\n\n<p>Katrin Musil<br><a href=\"mailto:sekretariat@ltv-noe.at\" data-type=\"mailto\" data-id=\"mailto:office@ltv-noe.at\">sekretariat@ltv-noe.at<\/a><\/p>\n<\/div>\n<\/div>\n\n\n\n<hr class=\"wp-block-separator has-alpha-channel-opacity\"\/>\n\n\n\n<div class=\"wp-block-columns is-layout-flex wp-container-core-columns-is-layout-28f84493 wp-block-columns-is-layout-flex\">\n<div class=\"wp-block-column is-layout-flow wp-block-column-is-layout-flow\" style=\"flex-basis:250px\">\n<figure class=\"wp-block-image size-large\"><img loading=\"lazy\" decoding=\"async\" width=\"1024\" height=\"292\" src=\"http:\/\/test.ltv-noe.at\/wp-content\/uploads\/2023\/01\/cropped-LOGO_LTV_NOE-1024x292.png\" alt=\"\" class=\"wp-image-63\" srcset=\"https:\/\/ltv-noe.at\/wp-content\/uploads\/2023\/01\/cropped-LOGO_LTV_NOE-1024x292.png 1024w, https:\/\/ltv-noe.at\/wp-content\/uploads\/2023\/01\/cropped-LOGO_LTV_NOE-300x86.png 300w, https:\/\/ltv-noe.at\/wp-content\/uploads\/2023\/01\/cropped-LOGO_LTV_NOE-768x219.png 768w, https:\/\/ltv-noe.at\/wp-content\/uploads\/2023\/01\/cropped-LOGO_LTV_NOE-1536x438.png 1536w, https:\/\/ltv-noe.at\/wp-content\/uploads\/2023\/01\/cropped-LOGO_LTV_NOE-2048x584.png 2048w\" sizes=\"auto, (max-width: 1024px) 100vw, 1024px\" \/><\/figure>\n<\/div>\n\n\n\n<div class=\"wp-block-column is-layout-flow wp-block-column-is-layout-flow\">\n<h4 class=\"wp-block-heading\">Finanzen<\/h4>\n\n\n\n<p>J\u00fcrgen Schilling<\/p>\n<\/div>\n<\/div>\n","protected":false},"excerpt":{"rendered":"<p>Pr\u00e4sident Christian H\u00f6ferpraesident@ltv-noe.at Vizepr\u00e4sident Hubert St\u00fcrzenbecher Sportlicher Leiter Dominik Kreidenitschsport@ltv-noe.at Stv. sportlicher Leiter Arno Mayrhoferarno.mayrhofer@ltv-noe.at Sekretariat Katrin Musilsekretariat@ltv-noe.at Finanzen J\u00fcrgen Schilling<\/p>\n","protected":false},"author":1,"featured_media":0,"parent":0,"menu_order":0,"comment_status":"closed","ping_status":"closed","template":"","meta":{"footnotes":""},"class_list":["post-43","page","type-page","status-publish","hentry"],"_links":{"self":[{"href":"https:\/\/ltv-noe.at\/index.php?rest_route=\/wp\/v2\/pages\/43","targetHints":{"allow":["GET"]}}],"collection":[{"href":"https:\/\/ltv-noe.at\/index.php?rest_route=\/wp\/v2\/pages"}],"about":[{"href":"https:\/\/ltv-noe.at\/index.php?rest_route=\/wp\/v2\/types\/page"}],"author":[{"embeddable":true,"href":"https:\/\/ltv-noe.at\/index.php?rest_route=\/wp\/v2\/users\/1"}],"replies":[{"embeddable":true,"href":"https:\/\/ltv-noe.at\/index.php?rest_route=%2Fwp%2Fv2%2Fcomments&post=43"}],"version-history":[{"count":9,"href":"https:\/\/ltv-noe.at\/index.php?rest_route=\/wp\/v2\/pages\/43\/revisions"}],"predecessor-version":[{"id":762,"href":"https:\/\/ltv-noe.at\/index.php?rest_route=\/wp\/v2\/pages\/43\/revisions\/762"}],"wp:attachment":[{"href":"https:\/\/ltv-noe.at\/index.php?rest_route=%2Fwp%2Fv2%2Fmedia&parent=43"}],"curies":[{"name":"wp","href":"https:\/\/api.w.org\/{rel}","templated":true}]}}