{"id":39,"date":"2023-01-04T22:33:36","date_gmt":"2023-01-04T21:33:36","guid":{"rendered":"https:\/\/test.ltv-noe.at\/?page_id=39"},"modified":"2024-05-01T11:17:39","modified_gmt":"2024-05-01T09:17:39","slug":"orientierungstauchen","status":"publish","type":"page","link":"https:\/\/ltv-noe.at\/?page_id=39","title":{"rendered":"Orientierungstauchen"},"content":{"rendered":"\n<p>Das Orientierungstauchen ist wie ein Orientierungslauf, nur eben unter Wasser. Das hei\u00dft, die Athletin oder der Athlet ist mit einer Pressluftflasche ausgestattet und muss verschiedene Punkte anschwimmen, die er aufgrund der vorgegebenen Kompassrichtung und Distanz erreichen kann. Dabei gibt es sowohl Einzel- als auch Mannschaftsbewerbe.<\/p>\n\n\n\n<p>Details zu den verschiedenen Disziplinen gibt es auf der CMAS Webseite: <a href=\"https:\/\/www.cmas.org\/orienteering\/how-to-regulations.html\">https:\/\/www.cmas.org\/orienteering\/how-to-regulations.html<\/a><\/p>\n\n\n\n<p>Der LTV N\u00d6 tr\u00e4gt jedes Jahr die Landesmeisterschaft im Orientierungstauchen in einem nieder\u00f6sterreichischen See aus. Die n\u00e4chsten Termine daf\u00fcr findest du <a href=\"https:\/\/ltv-noe.at\/?page_id=51\">hier<\/a>.<\/p>\n\n\n\n<p>Wenn du Interesse hast in Nieder\u00f6sterreich zu trainieren oder du gerne mit dem Orientierungstauchen beginnen m\u00f6chtest, so <a href=\"https:\/\/ltv-noe.at\/?page_id=47\">kontaktiere uns<\/a>. Wir helfen dir gerne weiter.<\/p>\n","protected":false},"excerpt":{"rendered":"<p>Das Orientierungstauchen ist wie ein Orientierungslauf, nur eben unter Wasser. Das hei\u00dft, die Athletin oder der Athlet ist mit einer Pressluftflasche ausgestattet und muss verschiedene Punkte anschwimmen, die er aufgrund der vorgegebenen Kompassrichtung und Distanz erreichen kann. Dabei gibt es sowohl Einzel- als auch Mannschaftsbewerbe. Details zu den verschiedenen Disziplinen gibt es auf der CMAS [&hellip;]<\/p>\n","protected":false},"author":1,"featured_media":0,"parent":0,"menu_order":0,"comment_status":"closed","ping_status":"closed","template":"","meta":{"footnotes":""},"class_list":["post-39","page","type-page","status-publish","hentry"],"_links":{"self":[{"href":"https:\/\/ltv-noe.at\/index.php?rest_route=\/wp\/v2\/pages\/39","targetHints":{"allow":["GET"]}}],"collection":[{"href":"https:\/\/ltv-noe.at\/index.php?rest_route=\/wp\/v2\/pages"}],"about":[{"href":"https:\/\/ltv-noe.at\/index.php?rest_route=\/wp\/v2\/types\/page"}],"author":[{"embeddable":true,"href":"https:\/\/ltv-noe.at\/index.php?rest_route=\/wp\/v2\/users\/1"}],"replies":[{"embeddable":true,"href":"https:\/\/ltv-noe.at\/index.php?rest_route=%2Fwp%2Fv2%2Fcomments&post=39"}],"version-history":[{"count":3,"href":"https:\/\/ltv-noe.at\/index.php?rest_route=\/wp\/v2\/pages\/39\/revisions"}],"predecessor-version":[{"id":748,"href":"https:\/\/ltv-noe.at\/index.php?rest_route=\/wp\/v2\/pages\/39\/revisions\/748"}],"wp:attachment":[{"href":"https:\/\/ltv-noe.at\/index.php?rest_route=%2Fwp%2Fv2%2Fmedia&parent=39"}],"curies":[{"name":"wp","href":"https:\/\/api.w.org\/{rel}","templated":true}]}}