{"id":37,"date":"2023-01-04T22:33:25","date_gmt":"2023-01-04T21:33:25","guid":{"rendered":"https:\/\/test.ltv-noe.at\/?page_id=37"},"modified":"2024-05-01T10:59:23","modified_gmt":"2024-05-01T08:59:23","slug":"sport-diving","status":"publish","type":"page","link":"https:\/\/ltv-noe.at\/?page_id=37","title":{"rendered":"Sport Diving"},"content":{"rendered":"\n<figure class=\"wp-block-image size-large\"><img loading=\"lazy\" decoding=\"async\" width=\"1024\" height=\"896\" src=\"http:\/\/ltv-noe.at\/wp-content\/uploads\/2023\/11\/GOPR0268-scaled-e1699204107341-1024x896.jpg\" alt=\"\" class=\"wp-image-177\" srcset=\"https:\/\/ltv-noe.at\/wp-content\/uploads\/2023\/11\/GOPR0268-scaled-e1699204107341-1024x896.jpg 1024w, https:\/\/ltv-noe.at\/wp-content\/uploads\/2023\/11\/GOPR0268-scaled-e1699204107341-300x263.jpg 300w, https:\/\/ltv-noe.at\/wp-content\/uploads\/2023\/11\/GOPR0268-scaled-e1699204107341-768x672.jpg 768w, https:\/\/ltv-noe.at\/wp-content\/uploads\/2023\/11\/GOPR0268-scaled-e1699204107341-1536x1344.jpg 1536w, https:\/\/ltv-noe.at\/wp-content\/uploads\/2023\/11\/GOPR0268-scaled-e1699204107341-2048x1792.jpg 2048w\" sizes=\"auto, (max-width: 1024px) 100vw, 1024px\" \/><figcaption class=\"wp-element-caption\">DCIM100GOPROGOPR0268.JPG<\/figcaption><\/figure>\n\n\n\n<p>Die Sportart Sport Diving umfasst mehrere verschiedene Disziplinen, die im Pool durchgef\u00fchrt werden, wobei mit Pressluftflasche getaucht wird. Die Disziplinen sind:<\/p>\n\n\n\n<ul class=\"wp-block-list\">\n<li>Trial: Diese Disziplin kombiniert Streckentauchen mit und ohne Flasche, sowie das Schwimmen mit Schnorchel an der Oberfl\u00e4che<\/li>\n\n\n\n<li>Octopus: In dieser Disziplin taucht ein Paar eine vorgegebene Distanz, wobei eine\/r davon eine Pressluftflasche tr\u00e4gt und die Partnerin oder den Partner mit Luft \u00fcber den Oktopus versorgt.<\/li>\n\n\n\n<li>Lift Bag: In dieser Disziplin taucht die Athletin oder der Athlet zu einem Gewicht, hebt dies mithilfe eines Hebesacks und taucht dann bis zur vorgegebenen Distanz<\/li>\n\n\n\n<li>Hindernis Parcours: Dabei tauchen zwei TaucherInnen durch mehrer Tunnel, teilen sich teilweise die Pressluftflasche, schwimmen ohne Maske und heben schlussendlich gemeinsam ein Gewicht.<\/li>\n\n\n\n<li>Staffellauf: Dabei schwimmen vier TaucherInnen nacheinander jeweils 50 Meter, wobei eine Torpedoboje an den jeweils n\u00e4chsten \u00fcbergeben werden muss.<\/li>\n\n\n\n<li>Medley: \u00c4hnlich der Trial Disziplin geht es hier um die Kombination von Streckentauchen mit Flasche und das Schwimmen an der Oberfl\u00e4che. Der Apnoeteil ist hier aber nicht vorgeschrieben.<\/li>\n<\/ul>\n\n\n\n<p>Details \u00fcber die einzelnen Disziplinen k\u00f6nnen auf der Seite von CMAS nachgelesen werden: <a href=\"https:\/\/www.cmas.org\/sport-diving\/how-to-regulations.html\">https:\/\/www.cmas.org\/sport-diving\/how-to-regulations.html<\/a><\/p>\n\n\n\n<p>Der LTV N\u00d6 tr\u00e4gt jedes Jahr die Landesmeisterschaft im Sport Diving im BSFZ S\u00fcdstadt aus. Die n\u00e4chsten Termine daf\u00fcr findest du <a href=\"https:\/\/ltv-noe.at\/?page_id=51\">hier<\/a>.<\/p>\n\n\n\n<p>Wenn du Interesse hast in Nieder\u00f6sterreich zu trainieren oder du gerne mit dem Sport Diving beginnen m\u00f6chtest, so <a href=\"https:\/\/ltv-noe.at\/?page_id=47\">kontaktiere uns<\/a>. Wir helfen dir gerne weiter.<\/p>\n","protected":false},"excerpt":{"rendered":"<p>Die Sportart Sport Diving umfasst mehrere verschiedene Disziplinen, die im Pool durchgef\u00fchrt werden, wobei mit Pressluftflasche getaucht wird. Die Disziplinen sind: Details \u00fcber die einzelnen Disziplinen k\u00f6nnen auf der Seite von CMAS nachgelesen werden: https:\/\/www.cmas.org\/sport-diving\/how-to-regulations.html Der LTV N\u00d6 tr\u00e4gt jedes Jahr die Landesmeisterschaft im Sport Diving im BSFZ S\u00fcdstadt aus. Die n\u00e4chsten Termine daf\u00fcr findest [&hellip;]<\/p>\n","protected":false},"author":1,"featured_media":0,"parent":0,"menu_order":0,"comment_status":"closed","ping_status":"closed","template":"","meta":{"footnotes":""},"class_list":["post-37","page","type-page","status-publish","hentry"],"_links":{"self":[{"href":"https:\/\/ltv-noe.at\/index.php?rest_route=\/wp\/v2\/pages\/37","targetHints":{"allow":["GET"]}}],"collection":[{"href":"https:\/\/ltv-noe.at\/index.php?rest_route=\/wp\/v2\/pages"}],"about":[{"href":"https:\/\/ltv-noe.at\/index.php?rest_route=\/wp\/v2\/types\/page"}],"author":[{"embeddable":true,"href":"https:\/\/ltv-noe.at\/index.php?rest_route=\/wp\/v2\/users\/1"}],"replies":[{"embeddable":true,"href":"https:\/\/ltv-noe.at\/index.php?rest_route=%2Fwp%2Fv2%2Fcomments&post=37"}],"version-history":[{"count":4,"href":"https:\/\/ltv-noe.at\/index.php?rest_route=\/wp\/v2\/pages\/37\/revisions"}],"predecessor-version":[{"id":714,"href":"https:\/\/ltv-noe.at\/index.php?rest_route=\/wp\/v2\/pages\/37\/revisions\/714"}],"wp:attachment":[{"href":"https:\/\/ltv-noe.at\/index.php?rest_route=%2Fwp%2Fv2%2Fmedia&parent=37"}],"curies":[{"name":"wp","href":"https:\/\/api.w.org\/{rel}","templated":true}]}}