{"id":33,"date":"2023-01-04T22:33:00","date_gmt":"2023-01-04T21:33:00","guid":{"rendered":"https:\/\/test.ltv-noe.at\/?page_id=33"},"modified":"2024-05-01T10:29:43","modified_gmt":"2024-05-01T08:29:43","slug":"flossenschwimmen","status":"publish","type":"page","link":"https:\/\/ltv-noe.at\/?page_id=33","title":{"rendered":"Flossenschwimmen"},"content":{"rendered":"\n<figure class=\"wp-block-image size-large\"><img loading=\"lazy\" decoding=\"async\" width=\"1024\" height=\"484\" src=\"http:\/\/ltv-noe.at\/wp-content\/uploads\/2024\/02\/signal-2024-02-19-150456_020-1024x484.jpeg\" alt=\"\" class=\"wp-image-291\" srcset=\"https:\/\/ltv-noe.at\/wp-content\/uploads\/2024\/02\/signal-2024-02-19-150456_020-1024x484.jpeg 1024w, https:\/\/ltv-noe.at\/wp-content\/uploads\/2024\/02\/signal-2024-02-19-150456_020-300x142.jpeg 300w, https:\/\/ltv-noe.at\/wp-content\/uploads\/2024\/02\/signal-2024-02-19-150456_020-768x363.jpeg 768w, https:\/\/ltv-noe.at\/wp-content\/uploads\/2024\/02\/signal-2024-02-19-150456_020-1536x727.jpeg 1536w, https:\/\/ltv-noe.at\/wp-content\/uploads\/2024\/02\/signal-2024-02-19-150456_020.jpeg 1600w\" sizes=\"auto, (max-width: 1024px) 100vw, 1024px\" \/><\/figure>\n\n\n\n<p>Flossenschwimmen ist eine Schwimmsportart, bei der der Athlet oder die Athletin entweder eine Monoflosse oder Stereoflossen tragen darf um schneller und effizienter schwimmen zu k\u00f6nnen.<\/p>\n\n\n\n<p>Beim Flossenschwimmen gibt es grob gesagt drei verschiedene Arten von Disziplinen. Diese sind:<\/p>\n\n\n\n<ul class=\"wp-block-list\">\n<li>Schwimmen an der Oberfl\u00e4che<\/li>\n\n\n\n<li>Schwimmen unter Wasser ohne Pressluft<\/li>\n\n\n\n<li>Schwimmen unter Wasser mit Pressluft<\/li>\n<\/ul>\n\n\n\n<p>Bei der ersten Art, wird meist ein Schnorchel verwendet um eine m\u00f6glichst gute Stromlinienform zu erreichen. Bei letzterer wird eine kleine Pressluftflasche verwendet um unter Wasser atmen zu k\u00f6nnen. Allen Disziplinen ist gemeinsam, dass es hier um Geschwindigkeit geht, das hei\u00dft eine vorgeschriebene Distanz muss in m\u00f6glichst kurzer Zeit zur\u00fcckgelegt werden. Neben Disziplinen mit fixer Distanz (zwischen 50 und 1500 Meter) f\u00fcr Einzelsportler, gibt es auch Staffeldisziplinen und Ausscheidungsrennen. Dabei k\u00f6nnen diese Wettk\u00e4mpfe sowohl im Pool, als auch im Freiwasser ausgetragen werden.<\/p>\n\n\n\n<p>Der LTV N\u00d6 tr\u00e4gt jedes Jahr die Landesmeisterschaft im Flossenschwimmen im BSFZ S\u00fcdstadt aus. Die n\u00e4chsten Termine daf\u00fcr findest du <a href=\"https:\/\/ltv-noe.at\/?page_id=51\" data-type=\"link\" data-id=\"https:\/\/ltv-noe.at\/?page_id=51\">hier<\/a>.<\/p>\n\n\n\n<p>Wenn du Interesse hast in Nieder\u00f6sterreich zu trainieren oder du gerne mit dem Flossenschwimmen beginnen m\u00f6chtest, so <a href=\"https:\/\/ltv-noe.at\/?page_id=47\" data-type=\"page\" data-id=\"47\">kontaktiere uns<\/a>. Wir helfen dir gerne weiter.<\/p>\n","protected":false},"excerpt":{"rendered":"<p>Flossenschwimmen ist eine Schwimmsportart, bei der der Athlet oder die Athletin entweder eine Monoflosse oder Stereoflossen tragen darf um schneller und effizienter schwimmen zu k\u00f6nnen. Beim Flossenschwimmen gibt es grob gesagt drei verschiedene Arten von Disziplinen. Diese sind: Bei der ersten Art, wird meist ein Schnorchel verwendet um eine m\u00f6glichst gute Stromlinienform zu erreichen. Bei [&hellip;]<\/p>\n","protected":false},"author":1,"featured_media":0,"parent":0,"menu_order":0,"comment_status":"closed","ping_status":"closed","template":"","meta":{"footnotes":""},"class_list":["post-33","page","type-page","status-publish","hentry"],"_links":{"self":[{"href":"https:\/\/ltv-noe.at\/index.php?rest_route=\/wp\/v2\/pages\/33","targetHints":{"allow":["GET"]}}],"collection":[{"href":"https:\/\/ltv-noe.at\/index.php?rest_route=\/wp\/v2\/pages"}],"about":[{"href":"https:\/\/ltv-noe.at\/index.php?rest_route=\/wp\/v2\/types\/page"}],"author":[{"embeddable":true,"href":"https:\/\/ltv-noe.at\/index.php?rest_route=\/wp\/v2\/users\/1"}],"replies":[{"embeddable":true,"href":"https:\/\/ltv-noe.at\/index.php?rest_route=%2Fwp%2Fv2%2Fcomments&post=33"}],"version-history":[{"count":3,"href":"https:\/\/ltv-noe.at\/index.php?rest_route=\/wp\/v2\/pages\/33\/revisions"}],"predecessor-version":[{"id":336,"href":"https:\/\/ltv-noe.at\/index.php?rest_route=\/wp\/v2\/pages\/33\/revisions\/336"}],"wp:attachment":[{"href":"https:\/\/ltv-noe.at\/index.php?rest_route=%2Fwp%2Fv2%2Fmedia&parent=33"}],"curies":[{"name":"wp","href":"https:\/\/api.w.org\/{rel}","templated":true}]}}