{"id":23,"date":"2023-01-04T22:25:03","date_gmt":"2023-01-04T21:25:03","guid":{"rendered":"https:\/\/test.ltv-noe.at\/?page_id=23"},"modified":"2023-03-21T21:52:58","modified_gmt":"2023-03-21T20:52:58","slug":"impresum","status":"publish","type":"page","link":"https:\/\/ltv-noe.at\/?page_id=23","title":{"rendered":"Impressum"},"content":{"rendered":"\n<p>Landestauchverband Nieder\u00f6sterreich<br>ZVR: 184174287<br>Pr\u00e4sident: Christian H\u00f6fer<br>Email: <a href=\"mailto:praesident@ltv-noe.at\">praesident@ltv-noe.at<\/a><\/p>\n\n\n\n<p><\/p>\n","protected":false},"excerpt":{"rendered":"<p>Landestauchverband Nieder\u00f6sterreichZVR: 184174287Pr\u00e4sident: Christian H\u00f6ferEmail: praesident@ltv-noe.at<\/p>\n","protected":false},"author":1,"featured_media":0,"parent":0,"menu_order":0,"comment_status":"closed","ping_status":"closed","template":"","meta":{"footnotes":""},"class_list":["post-23","page","type-page","status-publish","hentry"],"_links":{"self":[{"href":"https:\/\/ltv-noe.at\/index.php?rest_route=\/wp\/v2\/pages\/23","targetHints":{"allow":["GET"]}}],"collection":[{"href":"https:\/\/ltv-noe.at\/index.php?rest_route=\/wp\/v2\/pages"}],"about":[{"href":"https:\/\/ltv-noe.at\/index.php?rest_route=\/wp\/v2\/types\/page"}],"author":[{"embeddable":true,"href":"https:\/\/ltv-noe.at\/index.php?rest_route=\/wp\/v2\/users\/1"}],"replies":[{"embeddable":true,"href":"https:\/\/ltv-noe.at\/index.php?rest_route=%2Fwp%2Fv2%2Fcomments&post=23"}],"version-history":[{"count":5,"href":"https:\/\/ltv-noe.at\/index.php?rest_route=\/wp\/v2\/pages\/23\/revisions"}],"predecessor-version":[{"id":132,"href":"https:\/\/ltv-noe.at\/index.php?rest_route=\/wp\/v2\/pages\/23\/revisions\/132"}],"wp:attachment":[{"href":"https:\/\/ltv-noe.at\/index.php?rest_route=%2Fwp%2Fv2%2Fmedia&parent=23"}],"curies":[{"name":"wp","href":"https:\/\/api.w.org\/{rel}","templated":true}]}}