{"id":10,"date":"2023-01-04T21:59:52","date_gmt":"2023-01-04T20:59:52","guid":{"rendered":"https:\/\/ltv-noe.at\/?page_id=10"},"modified":"2023-01-04T22:18:54","modified_gmt":"2023-01-04T21:18:54","slug":"willkommen-beim-ltv-noe","status":"publish","type":"page","link":"https:\/\/ltv-noe.at\/?page_id=10","title":{"rendered":"News"},"content":{"rendered":"\n<div class=\"wp-block-query alignwide is-layout-constrained wp-block-query-is-layout-constrained\"><ul class=\"alignwide wp-block-post-template is-layout-flow wp-block-post-template-is-layout-flow\"><li class=\"wp-block-post post-798 post type-post status-publish format-standard hentry category-allgemein\">\n\n<div class=\"wp-block-group is-layout-constrained wp-block-group-is-layout-constrained\"><h2 class=\"alignwide wp-block-post-title has-var-wp-custom-typography-font-size-huge-clamp-2-25-rem-4-vw-2-75-rem-font-size\"><a href=\"https:\/\/ltv-noe.at\/?p=798\" target=\"_self\" >Ergebnisse LM 2025 (Results)<\/a><\/h2>\n\n\n\n\n<div class=\"wp-block-columns alignwide is-layout-flex wp-container-core-columns-is-layout-28f84493 wp-block-columns-is-layout-flex\">\n<div class=\"wp-block-column is-layout-flow wp-block-column-is-layout-flow\" style=\"flex-basis:650px\"><div class=\"wp-block-post-excerpt\"><p class=\"wp-block-post-excerpt__excerpt\">Finale Resultate <\/p><\/div>\n\n<div style=\"font-style:italic;font-weight:400;\" class=\"wp-block-post-date has-small-font-size\"><time datetime=\"2025-03-30T11:50:11+02:00\"><a href=\"https:\/\/ltv-noe.at\/?p=798\">M\u00e4rz 30, 2025<\/a><\/time><\/div><\/div>\n\n\n\n<div class=\"wp-block-column is-layout-flow wp-block-column-is-layout-flow\"><\/div>\n<\/div>\n\n\n\n<div style=\"height:16px\" aria-hidden=\"true\" class=\"wp-block-spacer\"><\/div>\n\n\n\n<hr class=\"wp-block-separator has-css-opacity alignwide is-style-wide\"\/>\n\n\n\n<div style=\"height:16px\" aria-hidden=\"true\" class=\"wp-block-spacer\"><\/div>\n<\/div>\n\n<\/li><li class=\"wp-block-post post-777 post type-post status-publish format-standard hentry category-allgemein\">\n\n<div class=\"wp-block-group is-layout-constrained wp-block-group-is-layout-constrained\"><h2 class=\"alignwide wp-block-post-title has-var-wp-custom-typography-font-size-huge-clamp-2-25-rem-4-vw-2-75-rem-font-size\"><a href=\"https:\/\/ltv-noe.at\/?p=777\" target=\"_self\" >Orientierungstauchen abgesagt<\/a><\/h2>\n\n\n\n\n<div class=\"wp-block-columns alignwide is-layout-flex wp-container-core-columns-is-layout-28f84493 wp-block-columns-is-layout-flex\">\n<div class=\"wp-block-column is-layout-flow wp-block-column-is-layout-flow\" style=\"flex-basis:650px\"><div class=\"wp-block-post-excerpt\"><p class=\"wp-block-post-excerpt__excerpt\">Liebe Tauchsportfreunde, leider m\u00fcssen wir die heurige N\u00d6 Landesmeisterschaft im Orientierungstauchen am 29.09.2024 absagen. Die Sichtverh\u00e4ltnisse im Ratzersdorfer See nach dem verheerenden Unwetter lassen eine faire Durchf\u00fchrung nicht zu. Mit freundlichen Gr\u00fc\u00dfen Christian H\u00f6fer <\/p><\/div>\n\n<div style=\"font-style:italic;font-weight:400;\" class=\"wp-block-post-date has-small-font-size\"><time datetime=\"2024-09-25T18:32:02+02:00\"><a href=\"https:\/\/ltv-noe.at\/?p=777\">September 25, 2024<\/a><\/time><\/div><\/div>\n\n\n\n<div class=\"wp-block-column is-layout-flow wp-block-column-is-layout-flow\"><\/div>\n<\/div>\n\n\n\n<div style=\"height:16px\" aria-hidden=\"true\" class=\"wp-block-spacer\"><\/div>\n\n\n\n<hr class=\"wp-block-separator has-css-opacity alignwide is-style-wide\"\/>\n\n\n\n<div style=\"height:16px\" aria-hidden=\"true\" class=\"wp-block-spacer\"><\/div>\n<\/div>\n\n<\/li><li class=\"wp-block-post post-327 post type-post status-publish format-standard has-post-thumbnail hentry category-allgemein tag-apnoe tag-freitauchen tag-oem tag-oesterreichische-meisterschaft\">\n\n<div class=\"wp-block-group is-layout-constrained wp-block-group-is-layout-constrained\"><h2 class=\"alignwide wp-block-post-title has-var-wp-custom-typography-font-size-huge-clamp-2-25-rem-4-vw-2-75-rem-font-size\"><a href=\"https:\/\/ltv-noe.at\/?p=327\" target=\"_self\" >Bilder \u00d6M\/N\u00d6-LM Freitauchen 2024<\/a><\/h2>\n\n<figure style=\"margin-top:calc(1.75 * var(--wp--style--block-gap));\" class=\"alignwide wp-block-post-featured-image\"><a href=\"https:\/\/ltv-noe.at\/?p=327\" target=\"_self\"  ><img loading=\"lazy\" decoding=\"async\" width=\"2048\" height=\"1536\" src=\"https:\/\/ltv-noe.at\/wp-content\/uploads\/2024\/05\/2024-04_Irina_Austrian-Championship_452.jpeg\" class=\"attachment-post-thumbnail size-post-thumbnail wp-post-image\" alt=\"Bilder \u00d6M\/N\u00d6-LM Freitauchen 2024\" style=\"object-fit:cover;\" srcset=\"https:\/\/ltv-noe.at\/wp-content\/uploads\/2024\/05\/2024-04_Irina_Austrian-Championship_452.jpeg 2048w, https:\/\/ltv-noe.at\/wp-content\/uploads\/2024\/05\/2024-04_Irina_Austrian-Championship_452-300x225.jpeg 300w, https:\/\/ltv-noe.at\/wp-content\/uploads\/2024\/05\/2024-04_Irina_Austrian-Championship_452-1024x768.jpeg 1024w, https:\/\/ltv-noe.at\/wp-content\/uploads\/2024\/05\/2024-04_Irina_Austrian-Championship_452-768x576.jpeg 768w, https:\/\/ltv-noe.at\/wp-content\/uploads\/2024\/05\/2024-04_Irina_Austrian-Championship_452-1536x1152.jpeg 1536w\" sizes=\"auto, (max-width: 2048px) 100vw, 2048px\" \/><\/a><\/figure>\n\n\n<div class=\"wp-block-columns alignwide is-layout-flex wp-container-core-columns-is-layout-28f84493 wp-block-columns-is-layout-flex\">\n<div class=\"wp-block-column is-layout-flow wp-block-column-is-layout-flow\" style=\"flex-basis:650px\"><div class=\"wp-block-post-excerpt\"><p class=\"wp-block-post-excerpt__excerpt\"> <\/p><\/div>\n\n<div style=\"font-style:italic;font-weight:400;\" class=\"wp-block-post-date has-small-font-size\"><time datetime=\"2024-05-01T11:17:16+02:00\"><a href=\"https:\/\/ltv-noe.at\/?p=327\">Mai 1, 2024<\/a><\/time><\/div><\/div>\n\n\n\n<div class=\"wp-block-column is-layout-flow wp-block-column-is-layout-flow\"><\/div>\n<\/div>\n\n\n\n<div style=\"height:16px\" aria-hidden=\"true\" class=\"wp-block-spacer\"><\/div>\n\n\n\n<hr class=\"wp-block-separator has-css-opacity alignwide is-style-wide\"\/>\n\n\n\n<div style=\"height:16px\" aria-hidden=\"true\" class=\"wp-block-spacer\"><\/div>\n<\/div>\n\n<\/li><li class=\"wp-block-post post-310 post type-post status-publish format-standard hentry category-allgemein\">\n\n<div class=\"wp-block-group is-layout-constrained wp-block-group-is-layout-constrained\"><h2 class=\"alignwide wp-block-post-title has-var-wp-custom-typography-font-size-huge-clamp-2-25-rem-4-vw-2-75-rem-font-size\"><a href=\"https:\/\/ltv-noe.at\/?p=310\" target=\"_self\" >Ergebnisse \u00d6M Freitauchen 2024<\/a><\/h2>\n\n\n\n\n<div class=\"wp-block-columns alignwide is-layout-flex wp-container-core-columns-is-layout-28f84493 wp-block-columns-is-layout-flex\">\n<div class=\"wp-block-column is-layout-flow wp-block-column-is-layout-flow\" style=\"flex-basis:650px\"><div class=\"wp-block-post-excerpt\"><p class=\"wp-block-post-excerpt__excerpt\"> <\/p><\/div>\n\n<div style=\"font-style:italic;font-weight:400;\" class=\"wp-block-post-date has-small-font-size\"><time datetime=\"2024-04-14T11:26:40+02:00\"><a href=\"https:\/\/ltv-noe.at\/?p=310\">April 14, 2024<\/a><\/time><\/div><\/div>\n\n\n\n<div class=\"wp-block-column is-layout-flow wp-block-column-is-layout-flow\"><\/div>\n<\/div>\n\n\n\n<div style=\"height:16px\" aria-hidden=\"true\" class=\"wp-block-spacer\"><\/div>\n\n\n\n<hr class=\"wp-block-separator has-css-opacity alignwide is-style-wide\"\/>\n\n\n\n<div style=\"height:16px\" aria-hidden=\"true\" class=\"wp-block-spacer\"><\/div>\n<\/div>\n\n<\/li><li class=\"wp-block-post post-303 post type-post status-publish format-standard hentry category-allgemein\">\n\n<div class=\"wp-block-group is-layout-constrained wp-block-group-is-layout-constrained\"><h2 class=\"alignwide wp-block-post-title has-var-wp-custom-typography-font-size-huge-clamp-2-25-rem-4-vw-2-75-rem-font-size\"><a href=\"https:\/\/ltv-noe.at\/?p=303\" target=\"_self\" >Bilder N\u00d6-LM Flossenschwimmen 2024<\/a><\/h2>\n\n\n\n\n<div class=\"wp-block-columns alignwide is-layout-flex wp-container-core-columns-is-layout-28f84493 wp-block-columns-is-layout-flex\">\n<div class=\"wp-block-column is-layout-flow wp-block-column-is-layout-flow\" style=\"flex-basis:650px\"><div class=\"wp-block-post-excerpt\"><p class=\"wp-block-post-excerpt__excerpt\"> <\/p><\/div>\n\n<div style=\"font-style:italic;font-weight:400;\" class=\"wp-block-post-date has-small-font-size\"><time datetime=\"2024-02-19T21:35:46+01:00\"><a href=\"https:\/\/ltv-noe.at\/?p=303\">Feber 19, 2024<\/a><\/time><\/div><\/div>\n\n\n\n<div class=\"wp-block-column is-layout-flow wp-block-column-is-layout-flow\"><\/div>\n<\/div>\n\n\n\n<div style=\"height:16px\" aria-hidden=\"true\" class=\"wp-block-spacer\"><\/div>\n\n\n\n<hr class=\"wp-block-separator has-css-opacity alignwide is-style-wide\"\/>\n\n\n\n<div style=\"height:16px\" aria-hidden=\"true\" class=\"wp-block-spacer\"><\/div>\n<\/div>\n\n<\/li><li class=\"wp-block-post post-181 post type-post status-publish format-standard hentry category-allgemein\">\n\n<div class=\"wp-block-group is-layout-constrained wp-block-group-is-layout-constrained\"><h2 class=\"alignwide wp-block-post-title has-var-wp-custom-typography-font-size-huge-clamp-2-25-rem-4-vw-2-75-rem-font-size\"><a href=\"https:\/\/ltv-noe.at\/?p=181\" target=\"_self\" >Bilder N\u00d6-LM Sport-Diving 2023<\/a><\/h2>\n\n\n\n\n<div class=\"wp-block-columns alignwide is-layout-flex wp-container-core-columns-is-layout-28f84493 wp-block-columns-is-layout-flex\">\n<div class=\"wp-block-column is-layout-flow wp-block-column-is-layout-flow\" style=\"flex-basis:650px\"><div class=\"wp-block-post-excerpt\"><p class=\"wp-block-post-excerpt__excerpt\"> <\/p><\/div>\n\n<div style=\"font-style:italic;font-weight:400;\" class=\"wp-block-post-date has-small-font-size\"><time datetime=\"2023-11-05T18:10:52+01:00\"><a href=\"https:\/\/ltv-noe.at\/?p=181\">November 5, 2023<\/a><\/time><\/div><\/div>\n\n\n\n<div class=\"wp-block-column is-layout-flow wp-block-column-is-layout-flow\"><\/div>\n<\/div>\n\n\n\n<div style=\"height:16px\" aria-hidden=\"true\" class=\"wp-block-spacer\"><\/div>\n\n\n\n<hr class=\"wp-block-separator has-css-opacity alignwide is-style-wide\"\/>\n\n\n\n<div style=\"height:16px\" aria-hidden=\"true\" class=\"wp-block-spacer\"><\/div>\n<\/div>\n\n<\/li><li class=\"wp-block-post post-151 post type-post status-publish format-standard hentry category-allgemein\">\n\n<div class=\"wp-block-group is-layout-constrained wp-block-group-is-layout-constrained\"><h2 class=\"alignwide wp-block-post-title has-var-wp-custom-typography-font-size-huge-clamp-2-25-rem-4-vw-2-75-rem-font-size\"><a href=\"https:\/\/ltv-noe.at\/?p=151\" target=\"_self\" >Ergebnisse der Freitauch LM 2023<\/a><\/h2>\n\n\n\n\n<div class=\"wp-block-columns alignwide is-layout-flex wp-container-core-columns-is-layout-28f84493 wp-block-columns-is-layout-flex\">\n<div class=\"wp-block-column is-layout-flow wp-block-column-is-layout-flow\" style=\"flex-basis:650px\"><div class=\"wp-block-post-excerpt\"><p class=\"wp-block-post-excerpt__excerpt\">Im April konnten wir 17 Freitaucher in der S\u00fcdstadt zu den LM im Freitauchen willkommen hei\u00dfen. Sowohl Athleten aus Nieder\u00f6sterreich, als auch aus den Bundesl\u00e4ndern und dem Ausland traten an um sich zu messen. Die Ergebnisse findet ihr nachfolgend. <\/p><\/div>\n\n<div style=\"font-style:italic;font-weight:400;\" class=\"wp-block-post-date has-small-font-size\"><time datetime=\"2023-06-18T17:00:18+02:00\"><a href=\"https:\/\/ltv-noe.at\/?p=151\">Juni 18, 2023<\/a><\/time><\/div><\/div>\n\n\n\n<div class=\"wp-block-column is-layout-flow wp-block-column-is-layout-flow\"><\/div>\n<\/div>\n\n\n\n<div style=\"height:16px\" aria-hidden=\"true\" class=\"wp-block-spacer\"><\/div>\n\n\n\n<hr class=\"wp-block-separator has-css-opacity alignwide is-style-wide\"\/>\n\n\n\n<div style=\"height:16px\" aria-hidden=\"true\" class=\"wp-block-spacer\"><\/div>\n<\/div>\n\n<\/li><li class=\"wp-block-post post-115 post type-post status-publish format-standard hentry category-allgemein\">\n\n<div class=\"wp-block-group is-layout-constrained wp-block-group-is-layout-constrained\"><h2 class=\"alignwide wp-block-post-title has-var-wp-custom-typography-font-size-huge-clamp-2-25-rem-4-vw-2-75-rem-font-size\"><a href=\"https:\/\/ltv-noe.at\/?p=115\" target=\"_self\" >Ausschreibung LM Freitauchen<\/a><\/h2>\n\n\n\n\n<div class=\"wp-block-columns alignwide is-layout-flex wp-container-core-columns-is-layout-28f84493 wp-block-columns-is-layout-flex\">\n<div class=\"wp-block-column is-layout-flow wp-block-column-is-layout-flow\" style=\"flex-basis:650px\"><div class=\"wp-block-post-excerpt\"><p class=\"wp-block-post-excerpt__excerpt\">Die Ausschreibung f\u00fcr die offenen N\u00d6 Landesmeisterschaften im Freitauchen am 16. April 2023 findet sich untenstehend. Wir freuen uns auf euer zahlreiches Erscheinen. <\/p><\/div>\n\n<div style=\"font-style:italic;font-weight:400;\" class=\"wp-block-post-date has-small-font-size\"><time datetime=\"2023-03-21T20:10:27+01:00\"><a href=\"https:\/\/ltv-noe.at\/?p=115\">M\u00e4rz 21, 2023<\/a><\/time><\/div><\/div>\n\n\n\n<div class=\"wp-block-column is-layout-flow wp-block-column-is-layout-flow\"><\/div>\n<\/div>\n\n\n\n<div style=\"height:16px\" aria-hidden=\"true\" class=\"wp-block-spacer\"><\/div>\n\n\n\n<hr class=\"wp-block-separator has-css-opacity alignwide is-style-wide\"\/>\n\n\n\n<div style=\"height:16px\" aria-hidden=\"true\" class=\"wp-block-spacer\"><\/div>\n<\/div>\n\n<\/li><li class=\"wp-block-post post-1 post type-post status-publish format-standard hentry category-allgemein\">\n\n<div class=\"wp-block-group is-layout-constrained wp-block-group-is-layout-constrained\"><h2 class=\"alignwide wp-block-post-title has-var-wp-custom-typography-font-size-huge-clamp-2-25-rem-4-vw-2-75-rem-font-size\"><a href=\"https:\/\/ltv-noe.at\/?p=1\" target=\"_self\" >Landesmeisterschaften &#8217;23<\/a><\/h2>\n\n\n\n\n<div class=\"wp-block-columns alignwide is-layout-flex wp-container-core-columns-is-layout-28f84493 wp-block-columns-is-layout-flex\">\n<div class=\"wp-block-column is-layout-flow wp-block-column-is-layout-flow\" style=\"flex-basis:650px\"><div class=\"wp-block-post-excerpt\"><p class=\"wp-block-post-excerpt__excerpt\">Die Landesmeisterschaft im Flossenschwimmen wird dieses Jahr wieder im BSFZ S\u00fcdstadt ausgetragen. Der Wettkampf wird am 26. Februar stattfinden. Ebendort wird auch die Landesmeisterschaft im Apnoetauchen ausgetragen, diese wird am 16. April stattfinden und den Athleten die M\u00f6glichkeit geben in allen Pooldisziplinen anzutreten. Mehr Details zu den Wettk\u00e4mpfen werden bald ver\u00f6ffentlicht. Wir freuen uns auf&hellip; <\/p><\/div>\n\n<div style=\"font-style:italic;font-weight:400;\" class=\"wp-block-post-date has-small-font-size\"><time datetime=\"2023-01-02T09:48:38+01:00\"><a href=\"https:\/\/ltv-noe.at\/?p=1\">J\u00e4nner 2, 2023<\/a><\/time><\/div><\/div>\n\n\n\n<div class=\"wp-block-column is-layout-flow wp-block-column-is-layout-flow\"><\/div>\n<\/div>\n\n\n\n<div style=\"height:16px\" aria-hidden=\"true\" class=\"wp-block-spacer\"><\/div>\n\n\n\n<hr class=\"wp-block-separator has-css-opacity alignwide is-style-wide\"\/>\n\n\n\n<div style=\"height:16px\" aria-hidden=\"true\" class=\"wp-block-spacer\"><\/div>\n<\/div>\n\n<\/li><\/ul>\n\n<\/div>\n","protected":false},"excerpt":{"rendered":"","protected":false},"author":1,"featured_media":0,"parent":0,"menu_order":0,"comment_status":"closed","ping_status":"closed","template":"","meta":{"footnotes":""},"class_list":["post-10","page","type-page","status-publish","hentry"],"_links":{"self":[{"href":"https:\/\/ltv-noe.at\/index.php?rest_route=\/wp\/v2\/pages\/10","targetHints":{"allow":["GET"]}}],"collection":[{"href":"https:\/\/ltv-noe.at\/index.php?rest_route=\/wp\/v2\/pages"}],"about":[{"href":"https:\/\/ltv-noe.at\/index.php?rest_route=\/wp\/v2\/types\/page"}],"author":[{"embeddable":true,"href":"https:\/\/ltv-noe.at\/index.php?rest_route=\/wp\/v2\/users\/1"}],"replies":[{"embeddable":true,"href":"https:\/\/ltv-noe.at\/index.php?rest_route=%2Fwp%2Fv2%2Fcomments&post=10"}],"version-history":[{"count":6,"href":"https:\/\/ltv-noe.at\/index.php?rest_route=\/wp\/v2\/pages\/10\/revisions"}],"predecessor-version":[{"id":20,"href":"https:\/\/ltv-noe.at\/index.php?rest_route=\/wp\/v2\/pages\/10\/revisions\/20"}],"wp:attachment":[{"href":"https:\/\/ltv-noe.at\/index.php?rest_route=%2Fwp%2Fv2%2Fmedia&parent=10"}],"curies":[{"name":"wp","href":"https:\/\/api.w.org\/{rel}","templated":true}]}}